{"id":3557,"date":"2019-06-05T10:35:51","date_gmt":"2019-06-05T08:35:51","guid":{"rendered":"https:\/\/creina.si\/izdelek\/schweisen\/"},"modified":"2020-05-20T12:38:39","modified_gmt":"2020-05-20T10:38:39","slug":"schweisen","status":"publish","type":"product","link":"https:\/\/creina.si\/de\/produkt\/schweisen\/","title":{"rendered":"Schwei\u00dfen"},"content":{"rendered":"","protected":false},"excerpt":{"rendered":"<p>Wir bieten ihnen TIG-, CO2-, Stargon- und Punktschwei\u00dfen an. Die Vorbereitungen, Schwei\u00dftische und Schablonen erm\u00f6glichen uns die Positionierung und das Schwei\u00dfen nach verlangter Qualit\u00e4t.<\/p>\n<p>Nach dem Schwei\u00dfen k\u00f6nnen wir die Produkte bis zum Endaussehen bearbeiten und sie mit Schleifen und Sandstrahlen f\u00fcr alle Oberfl\u00e4chenschutzarten vorbereiten. Unsere hoch qualifizierte Schwei\u00dfer haben langj\u00e4hrige Erfahrungen so mit Schwei\u00dfen von d\u00fcnnem Blech wie auch mit Schwei\u00dfen der st\u00e4rkeren Materialien f\u00fcr Bed\u00fcrfnisse des Maschinenbaus.<\/p>\n<p>Kontakt: +386 31 629 801, rok.erzen@creina.si <\/p>\n","protected":false},"featured_media":2479,"template":"","meta":{"footnotes":""},"product_cat":[126],"product_tag":[],"class_list":{"0":"post-3557","1":"product","2":"type-product","3":"status-publish","4":"has-post-thumbnail","6":"product_cat-spezielle-produkte-und-dienstleistungen","8":"first","9":"instock","10":"shipping-taxable","11":"product-type-simple"},"aioseo_notices":[],"_links":{"self":[{"href":"https:\/\/creina.si\/de\/wp-json\/wp\/v2\/product\/3557","targetHints":{"allow":["GET"]}}],"collection":[{"href":"https:\/\/creina.si\/de\/wp-json\/wp\/v2\/product"}],"about":[{"href":"https:\/\/creina.si\/de\/wp-json\/wp\/v2\/types\/product"}],"version-history":[{"count":0,"href":"https:\/\/creina.si\/de\/wp-json\/wp\/v2\/product\/3557\/revisions"}],"wp:featuredmedia":[{"embeddable":true,"href":"https:\/\/creina.si\/de\/wp-json\/wp\/v2\/media\/2479"}],"wp:attachment":[{"href":"https:\/\/creina.si\/de\/wp-json\/wp\/v2\/media?parent=3557"}],"wp:term":[{"taxonomy":"product_cat","embeddable":true,"href":"https:\/\/creina.si\/de\/wp-json\/wp\/v2\/product_cat?post=3557"},{"taxonomy":"product_tag","embeddable":true,"href":"https:\/\/creina.si\/de\/wp-json\/wp\/v2\/product_tag?post=3557"}],"curies":[{"name":"wp","href":"https:\/\/api.w.org\/{rel}","templated":true}]}}