{"id":3555,"date":"2019-06-05T10:41:52","date_gmt":"2019-06-05T08:41:52","guid":{"rendered":"https:\/\/creina.si\/izdelek\/roboterschweisen\/"},"modified":"2020-05-20T12:37:06","modified_gmt":"2020-05-20T10:37:06","slug":"roboterschweisen","status":"publish","type":"product","link":"https:\/\/creina.si\/de\/produkt\/roboterschweisen\/","title":{"rendered":"Roboterschwei\u00dfen"},"content":{"rendered":"","protected":false},"excerpt":{"rendered":"<p>Durch Roboterschwei\u00dfen k\u00f6nnen wir au\u00dferordentlich schnell, zuverl\u00e4ssig und preislich g\u00fcnstig die schwersten Verschwei\u00dfungen zusammenschwei\u00dfen.<br \/>\nDie Roboterschwei\u00dfzelle ist mit industriellem Schwei\u00dfroboter Motoman EA1800N-700 und mit Robotersteuerung Motoman NX 100 ausgestattet. Der Roboter ist mit einem Pulsschwei\u00dfapparat Fronius TPS3200, geeignetem gek\u00fchlten Brenner Binzel WH und mechanischem Reinigungsbrenner Fronius Robacta tc1000 ausgestattet. Der Roboter ist auf den Schienen der externen Achse montiert, um sich bis zur Drehposition mit drei Au\u00dfenachsen bewegen zu k\u00f6nnen.<\/p>\n<p>Vorteile des Roboterschwei\u00dfens:<\/p>\n<ul>\n<li>Hohe Qualit\u00e4t der Schwei\u00dfnahte<\/li>\n<li>Besonders kurze Produktionszeiten<\/li>\n<li>100% Wiederholbarkeit<\/li>\n<li>Niedrige Schwei\u00dfkosten und nachfolgend g\u00fcnstigere Endproduktpreis<\/li>\n<\/ul>\n<p>Kontakt: +386 31 629 801, rok.erzen@creina.si <\/p>\n","protected":false},"featured_media":2474,"template":"","meta":{"footnotes":""},"product_cat":[126],"product_tag":[],"class_list":{"0":"post-3555","1":"product","2":"type-product","3":"status-publish","4":"has-post-thumbnail","6":"product_cat-spezielle-produkte-und-dienstleistungen","8":"first","9":"instock","10":"shipping-taxable","11":"purchasable","12":"product-type-simple"},"aioseo_notices":[],"_links":{"self":[{"href":"https:\/\/creina.si\/de\/wp-json\/wp\/v2\/product\/3555","targetHints":{"allow":["GET"]}}],"collection":[{"href":"https:\/\/creina.si\/de\/wp-json\/wp\/v2\/product"}],"about":[{"href":"https:\/\/creina.si\/de\/wp-json\/wp\/v2\/types\/product"}],"version-history":[{"count":0,"href":"https:\/\/creina.si\/de\/wp-json\/wp\/v2\/product\/3555\/revisions"}],"wp:featuredmedia":[{"embeddable":true,"href":"https:\/\/creina.si\/de\/wp-json\/wp\/v2\/media\/2474"}],"wp:attachment":[{"href":"https:\/\/creina.si\/de\/wp-json\/wp\/v2\/media?parent=3555"}],"wp:term":[{"taxonomy":"product_cat","embeddable":true,"href":"https:\/\/creina.si\/de\/wp-json\/wp\/v2\/product_cat?post=3555"},{"taxonomy":"product_tag","embeddable":true,"href":"https:\/\/creina.si\/de\/wp-json\/wp\/v2\/product_tag?post=3555"}],"curies":[{"name":"wp","href":"https:\/\/api.w.org\/{rel}","templated":true}]}}