{"id":3554,"date":"2019-07-02T11:10:42","date_gmt":"2019-07-02T09:10:42","guid":{"rendered":"https:\/\/creina.si\/izdelek\/sandstrahlen\/"},"modified":"2020-05-20T12:41:12","modified_gmt":"2020-05-20T10:41:12","slug":"sandstrahlen","status":"publish","type":"product","link":"https:\/\/creina.si\/de\/produkt\/sandstrahlen\/","title":{"rendered":"Sandstrahlen"},"content":{"rendered":"","protected":false},"excerpt":{"rendered":"<p>Mit Sandstrahlen erm\u00f6glichen wir die allerbeste Materialfl\u00e4chenvorbereitung f\u00fcr Schutzmittelauftragen. Beim Sandstrahlen wird die Materialfl\u00e4che mit Hilfe des abscheuernden Materials gereinigt, das unter dem Luftdruck auf die Fl\u00e4che aufgetragen wird. Wir verwenden nur Qualit\u00e4tsmaterialien, die die h\u00f6chste Sandstrahlenqualit\u00e4t versichern. Neben sch\u00f6nem Aussehen, sorgen wir auch f\u00fcr Schadenbeseitigung auf den Werkst\u00fccken und bereiten entsprechend die Materialien auf eine weitere Bearbeitung.<\/p>\n<p>Vorteile:<\/p>\n<ul>\n<li>Gr\u00fcndliche Metallfl\u00e4chenreinigung<\/li>\n<li>Einfache Beseitigung des Schmutzes, Rostes und der Farbe<\/li>\n<li>Allerbeste Fl\u00e4chenvorbereitung zum Streichen<\/li>\n<\/ul>\n<p>Kontakt: +386 31 629 801, rok.erzen@creina.si <\/p>\n","protected":false},"featured_media":2492,"template":"","meta":{"footnotes":""},"product_cat":[126],"product_tag":[],"class_list":{"0":"post-3554","1":"product","2":"type-product","3":"status-publish","4":"has-post-thumbnail","6":"product_cat-spezielle-produkte-und-dienstleistungen","8":"first","9":"instock","10":"shipping-taxable","11":"product-type-simple"},"aioseo_notices":[],"_links":{"self":[{"href":"https:\/\/creina.si\/de\/wp-json\/wp\/v2\/product\/3554","targetHints":{"allow":["GET"]}}],"collection":[{"href":"https:\/\/creina.si\/de\/wp-json\/wp\/v2\/product"}],"about":[{"href":"https:\/\/creina.si\/de\/wp-json\/wp\/v2\/types\/product"}],"version-history":[{"count":0,"href":"https:\/\/creina.si\/de\/wp-json\/wp\/v2\/product\/3554\/revisions"}],"wp:featuredmedia":[{"embeddable":true,"href":"https:\/\/creina.si\/de\/wp-json\/wp\/v2\/media\/2492"}],"wp:attachment":[{"href":"https:\/\/creina.si\/de\/wp-json\/wp\/v2\/media?parent=3554"}],"wp:term":[{"taxonomy":"product_cat","embeddable":true,"href":"https:\/\/creina.si\/de\/wp-json\/wp\/v2\/product_cat?post=3554"},{"taxonomy":"product_tag","embeddable":true,"href":"https:\/\/creina.si\/de\/wp-json\/wp\/v2\/product_tag?post=3554"}],"curies":[{"name":"wp","href":"https:\/\/api.w.org\/{rel}","templated":true}]}}