{"id":3553,"date":"2019-07-12T09:47:18","date_gmt":"2019-07-12T07:47:18","guid":{"rendered":"https:\/\/creina.si\/izdelek\/technologien\/"},"modified":"2022-02-23T09:59:15","modified_gmt":"2022-02-23T08:59:15","slug":"technologien","status":"publish","type":"product","link":"https:\/\/creina.si\/de\/produkt\/technologien\/","title":{"rendered":"Technologien"},"content":{"rendered":"","protected":false},"excerpt":{"rendered":"<p>In den 65 Gesch\u00e4ftsjahren haben wir mit der Qualit\u00e4t unserer Dienstleistungen, kurzen Lieferterminen und Konkurrenzpreisen das Vertrauen von vielen Gesch\u00e4ftspartnern im In- und Ausland gewonnen.<\/p>\n<p>Wir befolgen st\u00e4ndig die technologischen Fortschritte im Bereich der Blechumformung und modernisieren den Maschinenpark. Dadurch wird st\u00e4ndig die Qualit\u00e4t unserer Produkte gesteigert und die Kunden werden zufriedengestellt.<\/p>\n<p>In dem Unternehmen Creina d.o.o. bieten wir neben Laserschneiden, CNC Blechkr\u00fcmmen, Roboterschwei\u00dfen, Schwei\u00dfen, CNC Profil- und Rohrschneiden, Sandstrahlen, Lackierung und Konstruieren auch andere Technologien an, wie:<\/p>\n<ul>\n<li>Schleifen<\/li>\n<li>Entgraten<\/li>\n<li>Schrauben schwei\u00dfen<\/li>\n<li>Blechschneiden auf hydraulischen Scheren<\/li>\n<li>Drehen<\/li>\n<li>Fr\u00e4sen<\/li>\n<li>Montage<\/li>\n<li>Verpackung<\/li>\n<li>Transport<\/li>\n<\/ul>\n<p>Kontakt: +386 31 629 801, rok.erzen@creina.si <\/p>\n","protected":false},"featured_media":2507,"template":"","meta":{"footnotes":""},"product_cat":[126],"product_tag":[],"class_list":{"0":"post-3553","1":"product","2":"type-product","3":"status-publish","4":"has-post-thumbnail","6":"product_cat-spezielle-produkte-und-dienstleistungen","8":"first","9":"instock","10":"shipping-taxable","11":"purchasable","12":"product-type-simple"},"aioseo_notices":[],"_links":{"self":[{"href":"https:\/\/creina.si\/de\/wp-json\/wp\/v2\/product\/3553","targetHints":{"allow":["GET"]}}],"collection":[{"href":"https:\/\/creina.si\/de\/wp-json\/wp\/v2\/product"}],"about":[{"href":"https:\/\/creina.si\/de\/wp-json\/wp\/v2\/types\/product"}],"version-history":[{"count":0,"href":"https:\/\/creina.si\/de\/wp-json\/wp\/v2\/product\/3553\/revisions"}],"wp:featuredmedia":[{"embeddable":true,"href":"https:\/\/creina.si\/de\/wp-json\/wp\/v2\/media\/2507"}],"wp:attachment":[{"href":"https:\/\/creina.si\/de\/wp-json\/wp\/v2\/media?parent=3553"}],"wp:term":[{"taxonomy":"product_cat","embeddable":true,"href":"https:\/\/creina.si\/de\/wp-json\/wp\/v2\/product_cat?post=3553"},{"taxonomy":"product_tag","embeddable":true,"href":"https:\/\/creina.si\/de\/wp-json\/wp\/v2\/product_tag?post=3553"}],"curies":[{"name":"wp","href":"https:\/\/api.w.org\/{rel}","templated":true}]}}