{"id":3548,"date":"2019-06-05T11:07:19","date_gmt":"2019-06-05T09:07:19","guid":{"rendered":"https:\/\/creina.si\/izdelek\/laserschneiden\/"},"modified":"2020-05-20T12:32:24","modified_gmt":"2020-05-20T10:32:24","slug":"laserschneiden","status":"publish","type":"product","link":"https:\/\/creina.si\/de\/produkt\/laserschneiden\/","title":{"rendered":"Laserschneiden"},"content":{"rendered":"","protected":false},"excerpt":{"rendered":"<p>Laserschneiden ist das fortschrittlichste Verfahren des Blechschneidens, das eine hohe Qualit\u00e4t der Produkte und sehr kurze Produktionszeiten erm\u00f6glicht. Der wesentliche Vorteil des Lasereschneidens ist eine qualit\u00e4tsvolle, schnelle und preislich g\u00fcnstige Produktion.<\/p>\n<p>Das Laserschneiden wird mit der Maschine Marke Trumpf 3030 gemacht, die uns mit ihrer Qualit\u00e4t das Herstellen von pr\u00e4zisesten und zuverl\u00e4ssigen Schnitten erm\u00f6glicht. Eine hohe Leistungsf\u00e4higkeit des Lasers und der st\u00e4ndige Materialbestand erm\u00f6glicht uns Produktion von Bestellungen in sehr kurzen Lieferzeiten und nach konkurrenzf\u00e4higen Preisen.<\/p>\n<ul>\n<li>Technische Maschineneigenschaften:<\/li>\n<li>Max. Blechdimension 3000 x 1500 mm<\/li>\n<li>Max. Blechst\u00e4rke (Fe) 20 mm, (RF) 12 mm, (Al) 8 mm<\/li>\n<li>Ma\u00dfgenauigkeit bis zu 0,1 mm<\/li>\n<\/ul>\n<p>Vorteile:<\/p>\n<ul>\n<li>Detaillierte und schnelle Ausf\u00fchrung der Bestellung<\/li>\n<li>Schneiden in vereinbarten Fristen<\/li>\n<li>Zus\u00e4tzliche Bearbeitungen nach dem Schneiden sind nicht notwendig<\/li>\n<li>Optimale Produktionskosten<\/li>\n<li>Sehr gute Materialausnutzung<\/li>\n<\/ul>\n<p>Kontakt: +386 31 629 801, rok.erzen@creina.si <\/p>\n","protected":false},"featured_media":2464,"template":"","meta":{"footnotes":""},"product_cat":[126],"product_tag":[],"class_list":{"0":"post-3548","1":"product","2":"type-product","3":"status-publish","4":"has-post-thumbnail","6":"product_cat-spezielle-produkte-und-dienstleistungen","8":"first","9":"instock","10":"shipping-taxable","11":"product-type-simple"},"aioseo_notices":[],"_links":{"self":[{"href":"https:\/\/creina.si\/de\/wp-json\/wp\/v2\/product\/3548","targetHints":{"allow":["GET"]}}],"collection":[{"href":"https:\/\/creina.si\/de\/wp-json\/wp\/v2\/product"}],"about":[{"href":"https:\/\/creina.si\/de\/wp-json\/wp\/v2\/types\/product"}],"version-history":[{"count":0,"href":"https:\/\/creina.si\/de\/wp-json\/wp\/v2\/product\/3548\/revisions"}],"wp:featuredmedia":[{"embeddable":true,"href":"https:\/\/creina.si\/de\/wp-json\/wp\/v2\/media\/2464"}],"wp:attachment":[{"href":"https:\/\/creina.si\/de\/wp-json\/wp\/v2\/media?parent=3548"}],"wp:term":[{"taxonomy":"product_cat","embeddable":true,"href":"https:\/\/creina.si\/de\/wp-json\/wp\/v2\/product_cat?post=3548"},{"taxonomy":"product_tag","embeddable":true,"href":"https:\/\/creina.si\/de\/wp-json\/wp\/v2\/product_tag?post=3548"}],"curies":[{"name":"wp","href":"https:\/\/api.w.org\/{rel}","templated":true}]}}