{"id":3547,"date":"2019-07-02T11:11:43","date_gmt":"2019-07-02T09:11:43","guid":{"rendered":"https:\/\/creina.si\/izdelek\/lackierung\/"},"modified":"2020-05-20T12:42:35","modified_gmt":"2020-05-20T10:42:35","slug":"lackierung","status":"publish","type":"product","link":"https:\/\/creina.si\/de\/produkt\/lackierung\/","title":{"rendered":"Lackierung"},"content":{"rendered":"","protected":false},"excerpt":{"rendered":"<p>In unserem Unternehmen k\u00f6nnen wir Ihnen Serienlackierung auf automatisierten Linien oder Lackierung von einzelnen Teilen gr\u00f6\u00dferer Dimensionen anbieten. Mit einer langj\u00e4hrigen Tradition und erfahrenem Personal versichern wir ihnen eine hohe Qualit\u00e4t der lackierten Teile. Wir k\u00f6nnen auch Produkte lackieren, die bei ihrer Verwendung eine Temperaturfarbenbest\u00e4ndigkeit bis zu 500 \u00baC verlangen und m\u00fcssen maximal Au\u00dfenwitterungsfest sein. Zur Auswahl haben sie eine breite Farbenpalette nach RAL Farbskala.<\/p>\n<p>&nbsp;<\/p>\n<p>Kontakt: +386 31 629 801, rok.erzen@creina.si <\/p>\n","protected":false},"featured_media":2497,"template":"","meta":{"footnotes":""},"product_cat":[126],"product_tag":[],"class_list":{"0":"post-3547","1":"product","2":"type-product","3":"status-publish","4":"has-post-thumbnail","6":"product_cat-spezielle-produkte-und-dienstleistungen","8":"first","9":"instock","10":"shipping-taxable","11":"product-type-simple"},"aioseo_notices":[],"_links":{"self":[{"href":"https:\/\/creina.si\/de\/wp-json\/wp\/v2\/product\/3547","targetHints":{"allow":["GET"]}}],"collection":[{"href":"https:\/\/creina.si\/de\/wp-json\/wp\/v2\/product"}],"about":[{"href":"https:\/\/creina.si\/de\/wp-json\/wp\/v2\/types\/product"}],"version-history":[{"count":0,"href":"https:\/\/creina.si\/de\/wp-json\/wp\/v2\/product\/3547\/revisions"}],"wp:featuredmedia":[{"embeddable":true,"href":"https:\/\/creina.si\/de\/wp-json\/wp\/v2\/media\/2497"}],"wp:attachment":[{"href":"https:\/\/creina.si\/de\/wp-json\/wp\/v2\/media?parent=3547"}],"wp:term":[{"taxonomy":"product_cat","embeddable":true,"href":"https:\/\/creina.si\/de\/wp-json\/wp\/v2\/product_cat?post=3547"},{"taxonomy":"product_tag","embeddable":true,"href":"https:\/\/creina.si\/de\/wp-json\/wp\/v2\/product_tag?post=3547"}],"curies":[{"name":"wp","href":"https:\/\/api.w.org\/{rel}","templated":true}]}}