{"id":3546,"date":"2019-07-02T11:12:34","date_gmt":"2019-07-02T09:12:34","guid":{"rendered":"https:\/\/creina.si\/izdelek\/konstruieren\/"},"modified":"2020-05-20T12:44:05","modified_gmt":"2020-05-20T10:44:05","slug":"konstruieren","status":"publish","type":"product","link":"https:\/\/creina.si\/de\/produkt\/konstruieren\/","title":{"rendered":"Konstruieren"},"content":{"rendered":"","protected":false},"excerpt":{"rendered":"<p>Wir bieten auch Konstruieren von Produkten und Halbprodukten sowie zugeh\u00f6rige technische Beratung an. Mit langj\u00e4hrigen Erfahrungen und hoch kompetenten Personal stellen wir auch die komplexe 3D Pl\u00e4ne her. F\u00fcr Konstruieren verwenden wir den Creo Programm.<\/p>\n<p>Kontakt: +386 31 629 801, rok.erzen@creina.si <\/p>\n","protected":false},"featured_media":2502,"template":"","meta":{"footnotes":""},"product_cat":[126],"product_tag":[],"class_list":{"0":"post-3546","1":"product","2":"type-product","3":"status-publish","4":"has-post-thumbnail","6":"product_cat-spezielle-produkte-und-dienstleistungen","8":"first","9":"instock","10":"shipping-taxable","11":"product-type-simple"},"aioseo_notices":[],"_links":{"self":[{"href":"https:\/\/creina.si\/de\/wp-json\/wp\/v2\/product\/3546","targetHints":{"allow":["GET"]}}],"collection":[{"href":"https:\/\/creina.si\/de\/wp-json\/wp\/v2\/product"}],"about":[{"href":"https:\/\/creina.si\/de\/wp-json\/wp\/v2\/types\/product"}],"version-history":[{"count":0,"href":"https:\/\/creina.si\/de\/wp-json\/wp\/v2\/product\/3546\/revisions"}],"wp:featuredmedia":[{"embeddable":true,"href":"https:\/\/creina.si\/de\/wp-json\/wp\/v2\/media\/2502"}],"wp:attachment":[{"href":"https:\/\/creina.si\/de\/wp-json\/wp\/v2\/media?parent=3546"}],"wp:term":[{"taxonomy":"product_cat","embeddable":true,"href":"https:\/\/creina.si\/de\/wp-json\/wp\/v2\/product_cat?post=3546"},{"taxonomy":"product_tag","embeddable":true,"href":"https:\/\/creina.si\/de\/wp-json\/wp\/v2\/product_tag?post=3546"}],"curies":[{"name":"wp","href":"https:\/\/api.w.org\/{rel}","templated":true}]}}