{"id":3540,"date":"2019-06-05T10:46:01","date_gmt":"2019-06-05T08:46:01","guid":{"rendered":"https:\/\/creina.si\/izdelek\/cnc-blechkrummen\/"},"modified":"2020-05-20T12:35:50","modified_gmt":"2020-05-20T10:35:50","slug":"cnc-blechkrummen","status":"publish","type":"product","link":"https:\/\/creina.si\/de\/produkt\/cnc-blechkrummen\/","title":{"rendered":"CNC Blechkr\u00fcmmen"},"content":{"rendered":"","protected":false},"excerpt":{"rendered":"<p>Das Blech wird auf modernen computerunterst\u00fctzten Kr\u00fcmm-Maschinen gekr\u00fcmmt. Auf unserer neuesten Maschine Marke Amada HFE3i und mit Kraft 170 Tonne k\u00f6nnen wir Werkst\u00fccke L\u00e4nge bis zu 3000 m kr\u00fcmmen. Die Kr\u00fcmm-Maschine hat 8 Achsen und Eckenvermessung, was uns in Verbindung mit der Computerunterst\u00fctzung auch die Produktion von Teilen komplizierter Formen in Rahmen der verlangten Toleranz erm\u00f6glicht.<\/p>\n<p>Wir bieten auch das Blechrunden L\u00e4nge bis zur 2000 mm und St\u00e4rke bis zu 8 mm an.<\/p>\n<p>Die langj\u00e4hrigen Erfahrungen und erworbene Kenntnisse erm\u00f6glichen uns eine hohe Ma\u00dfgenauigkeit bei Kr\u00fcmmen von schwierigsten Teilen.<\/p>\n<p>Vorteile:<\/p>\n<ul>\n<li>Genauigkeit beim Verbiegen<\/li>\n<li>Produktionsm\u00f6glichkeit von komplexen Formen<\/li>\n<li>Wir bieten auch Verpackung und Lieferung von Halbprodukten an<\/li>\n<\/ul>\n<p>Kontakt: +386 31 629 801, rok.erzen@creina.si <\/p>\n","protected":false},"featured_media":2469,"template":"","meta":{"footnotes":""},"product_cat":[126],"product_tag":[],"class_list":{"0":"post-3540","1":"product","2":"type-product","3":"status-publish","4":"has-post-thumbnail","6":"product_cat-spezielle-produkte-und-dienstleistungen","8":"first","9":"instock","10":"shipping-taxable","11":"purchasable","12":"product-type-variable"},"aioseo_notices":[],"_links":{"self":[{"href":"https:\/\/creina.si\/de\/wp-json\/wp\/v2\/product\/3540","targetHints":{"allow":["GET"]}}],"collection":[{"href":"https:\/\/creina.si\/de\/wp-json\/wp\/v2\/product"}],"about":[{"href":"https:\/\/creina.si\/de\/wp-json\/wp\/v2\/types\/product"}],"version-history":[{"count":0,"href":"https:\/\/creina.si\/de\/wp-json\/wp\/v2\/product\/3540\/revisions"}],"wp:featuredmedia":[{"embeddable":true,"href":"https:\/\/creina.si\/de\/wp-json\/wp\/v2\/media\/2469"}],"wp:attachment":[{"href":"https:\/\/creina.si\/de\/wp-json\/wp\/v2\/media?parent=3540"}],"wp:term":[{"taxonomy":"product_cat","embeddable":true,"href":"https:\/\/creina.si\/de\/wp-json\/wp\/v2\/product_cat?post=3540"},{"taxonomy":"product_tag","embeddable":true,"href":"https:\/\/creina.si\/de\/wp-json\/wp\/v2\/product_tag?post=3540"}],"curies":[{"name":"wp","href":"https:\/\/api.w.org\/{rel}","templated":true}]}}