{"id":3558,"date":"2020-02-13T09:08:20","date_gmt":"2020-02-13T08:08:20","guid":{"rendered":"https:\/\/creina.si\/verkaufsprogramm\/"},"modified":"2020-02-13T10:19:23","modified_gmt":"2020-02-13T09:19:23","slug":"verkaufsprogramm","status":"publish","type":"page","link":"https:\/\/creina.si\/de\/verkaufsprogramm\/","title":{"rendered":"Verkaufsprogramm"},"content":{"rendered":"<p>[vc_row equal_height=&#8221;yes&#8221; has_content=&#8221;true&#8221;][vc_column width=&#8221;1\/3&#8243; css=&#8221;.vc_custom_1514966330267{padding-bottom: 40px !important;}&#8221;][vc_single_image image=&#8221;2199&#8243; img_size=&#8221;full&#8221;]<h5 class='heading-content  style-1' ><span>Landtechnik<\/span><\/h5>[vc_column_text]Das Unternehmen Creina ist der einzige slowenische Hersteller des Kommunalaufbaus, hinter dem ein erfahrenes und fachlich sachkundiges Team steht.[\/vc_column_text][vc_empty_space height=&#8221;10px&#8221;]<a target=\"_self\" href=\"https:\/\/creina.si\/de\/kategorie\/landtechnik\/\" class=\"btn btn-sm style-1\" id=\"custom-id-0\" style=\"\">Landtechnik<\/a>[\/vc_column][vc_column width=&#8221;1\/3&#8243; css=&#8221;.vc_custom_1514966334968{padding-bottom: 40px !important;}&#8221;][vc_single_image image=&#8221;2204&#8243; img_size=&#8221;full&#8221;]<h5 class='heading-content  style-1' ><span>Kommunal-Programm<\/span><\/h5>[vc_column_text]<br \/>\nDas Unternehmen Creina ist der einzige slowenische Hersteller des Kommunalaufbaus, hinter dem ein erfahrenes und fachlich sachkundiges Team steht.<br \/>\n[\/vc_column_text][vc_empty_space height=&#8221;10px&#8221;]<a target=\"_self\" href=\"https:\/\/creina.si\/de\/kategorie\/kommunalprogramm\/\" class=\"btn btn-sm style-1\" id=\"custom-id-1\" style=\"\">Kommunal-Programm<\/a>[\/vc_column][vc_column width=&#8221;1\/3&#8243; css=&#8221;.vc_custom_1514966338783{padding-bottom: 40px !important;}&#8221;][vc_single_image image=&#8221;2193&#8243; img_size=&#8221;full&#8221;]<h5 class='heading-content  style-1' ><span>Spezielle Produkte und Dienstleistungen<\/span><\/h5>[vc_column_text]Eine 65-J\u00e4hrige Tradition der Blechumformung nach neusten technologischen Verfahren, vom Laserblechschneiden, Kr\u00fcmmen, Roboterschwei\u00dfen, Lackieren\u2026[\/vc_column_text][vc_empty_space height=&#8221;10px&#8221;]<a target=\"_self\" href=\"https:\/\/creina.si\/de\/kategorie\/spezielle-produkte-und-dienstleistungen\/\" class=\"btn btn-sm style-1\" id=\"custom-id-2\" style=\"\">Spezielle Produkte und Dienstleistungen<\/a>[\/vc_column][\/vc_row][vc_row full_width=&#8221;stretch_row_content_no_spaces&#8221; css=&#8221;.vc_custom_1514966364096{margin-top: 60px !important;}&#8221;][vc_column][vc_separator][\/vc_column][\/vc_row][vc_row css=&#8221;.vc_custom_1514451897890{margin-top: 80px !important;margin-bottom: 110px !important;}&#8221;][vc_column el_class=&#8221;text-center&#8221;][vc_custom_heading text=&#8221;Rufen Sie uns an oder senden Sie uns eine Nachricht&#8221; font_container=&#8221;tag:h3|font_size:32px|text_align:center&#8221; use_theme_fonts=&#8221;yes&#8221; css=&#8221;.vc_custom_1561007084149{padding-bottom: 10px !important;}&#8221;][vc_custom_heading text=&#8221;Neue technologische L\u00f6sungen und qualit\u00e4tsvolle, getestete, sichere, konkurrenzf\u00e4hige und zuverl\u00e4ssige Produkte aus allen Programmen, entwickeln und herstellen wir in Kranj. Wir sind der f\u00fchrende Anbieter von fortschrittlichen Systeml\u00f6sungen auf Inlandsm\u00e4rkten, unsere Rolle auf den M\u00e4rkten ganz Europa wird st\u00e4ndig gest\u00e4rkt.&#8221; font_container=&#8221;tag:p|text_align:center&#8221; use_theme_fonts=&#8221;yes&#8221;][vc_empty_space height=&#8221;20px&#8221;]<a target=\"_self\" href=\"https:\/\/creina.si\/de\/ueber-uns\/kontakt\/\" class=\"btn btn-md style-1\" id=\"custom-id-3\" style=\"\">Kontakt<\/a>[\/vc_column][\/vc_row]<\/p>\n","protected":false},"excerpt":{"rendered":"<p>[vc_row equal_height=&#8221;yes&#8221; has_content=&#8221;true&#8221;][vc_column width=&#8221;1\/3&#8243; css=&#8221;.vc_custom_1514966330267{padding-bottom: 40px !important;}&#8221;][vc_single_image image=&#8221;2199&#8243; img_size=&#8221;full&#8221;][vc_column_text]Das Unternehmen Creina ist der einzige slowenische Hersteller des Kommunalaufbaus, hinter dem ein erfahrenes und fachlich sachkundiges Team steht.[\/vc_column_text][vc_empty_space height=&#8221;10px&#8221;][\/vc_column][vc_column width=&#8221;1\/3&#8243; css=&#8221;.vc_custom_1514966334968{padding-bottom: 40px !important;}&#8221;][vc_single_image image=&#8221;2204&#8243; img_size=&#8221;full&#8221;][vc_column_text] Das Unternehmen Creina ist der einzige&#8230;<\/p>\n","protected":false},"author":2,"featured_media":0,"parent":0,"menu_order":0,"comment_status":"closed","ping_status":"closed","template":"","meta":{"footnotes":""},"class_list":["post-3558","page","type-page","status-publish","hentry"],"aioseo_notices":[],"_links":{"self":[{"href":"https:\/\/creina.si\/de\/wp-json\/wp\/v2\/pages\/3558","targetHints":{"allow":["GET"]}}],"collection":[{"href":"https:\/\/creina.si\/de\/wp-json\/wp\/v2\/pages"}],"about":[{"href":"https:\/\/creina.si\/de\/wp-json\/wp\/v2\/types\/page"}],"author":[{"embeddable":true,"href":"https:\/\/creina.si\/de\/wp-json\/wp\/v2\/users\/2"}],"replies":[{"embeddable":true,"href":"https:\/\/creina.si\/de\/wp-json\/wp\/v2\/comments?post=3558"}],"version-history":[{"count":6,"href":"https:\/\/creina.si\/de\/wp-json\/wp\/v2\/pages\/3558\/revisions"}],"predecessor-version":[{"id":3575,"href":"https:\/\/creina.si\/de\/wp-json\/wp\/v2\/pages\/3558\/revisions\/3575"}],"wp:attachment":[{"href":"https:\/\/creina.si\/de\/wp-json\/wp\/v2\/media?parent=3558"}],"curies":[{"name":"wp","href":"https:\/\/api.w.org\/{rel}","templated":true}]}}